{"id":5046,"date":"2025-03-13T12:16:33","date_gmt":"2025-03-13T12:16:33","guid":{"rendered":"https:\/\/majortom.es\/?page_id=5046"},"modified":"2025-03-13T12:22:26","modified_gmt":"2025-03-13T12:22:26","slug":"elementor-5046","status":"publish","type":"page","link":"https:\/\/majortom.es\/es\/elementor-5046\/","title":{"rendered":"Pol\u00edtica de cookies"},"content":{"rendered":"<div data-elementor-type=\"wp-page\" data-elementor-id=\"5046\" class=\"elementor elementor-5046\" data-elementor-post-type=\"page\">\n\t\t\t\t<div class=\"elementor-element elementor-element-4fc07a3c e-con-full e-flex e-con e-child\" data-id=\"4fc07a3c\" data-element_type=\"container\" data-settings=\"{&quot;background_background&quot;:&quot;classic&quot;}\">\n\t\t<div class=\"elementor-element elementor-element-8665f8c e-con-full e-flex e-con e-child\" data-id=\"8665f8c\" data-element_type=\"container\">\n\t\t<div class=\"elementor-element elementor-element-5daf1196 e-con-full e-flex e-con e-child\" data-id=\"5daf1196\" data-element_type=\"container\" data-settings=\"{&quot;background_background&quot;:&quot;classic&quot;}\">\n\t\t\t\t<div class=\"elementor-element elementor-element-7e9ac5fd elementor-widget__width-initial elementor-widget elementor-widget-theme-site-logo elementor-widget-image\" data-id=\"7e9ac5fd\" data-element_type=\"widget\" data-widget_type=\"theme-site-logo.default\">\n\t\t\t\t<div class=\"elementor-widget-container\">\n\t\t\t\t\t\t\t\t\t\t\t<a href=\"https:\/\/majortom.es\/es\/\">\n\t\t\t<img decoding=\"async\" width=\"161\" height=\"170\" src=\"https:\/\/majortom.es\/wp-content\/uploads\/2025\/01\/logo.svg\" class=\"attachment-full size-full wp-image-31\" alt=\"\" \/>\t\t\t\t<\/a>\n\t\t\t\t\t\t\t\t\t\t\t<\/div>\n\t\t\t\t<\/div>\n\t\t\t\t<div class=\"elementor-element elementor-element-741b5e37 elementor-hidden-tablet elementor-hidden-mobile elementor-nav-menu--dropdown-tablet elementor-nav-menu__text-align-aside elementor-nav-menu--toggle elementor-nav-menu--burger elementor-widget elementor-widget-nav-menu\" data-id=\"741b5e37\" data-element_type=\"widget\" data-settings=\"{&quot;layout&quot;:&quot;horizontal&quot;,&quot;submenu_icon&quot;:{&quot;value&quot;:&quot;&lt;svg class=\\&quot;e-font-icon-svg e-fas-caret-down\\&quot; viewBox=\\&quot;0 0 320 512\\&quot; xmlns=\\&quot;http:\\\/\\\/www.w3.org\\\/2000\\\/svg\\&quot;&gt;&lt;path d=\\&quot;M31.3 192h257.3c17.8 0 26.7 21.5 14.1 34.1L174.1 354.8c-7.8 7.8-20.5 7.8-28.3 0L17.2 226.1C4.6 213.5 13.5 192 31.3 192z\\&quot;&gt;&lt;\\\/path&gt;&lt;\\\/svg&gt;&quot;,&quot;library&quot;:&quot;fa-solid&quot;},&quot;toggle&quot;:&quot;burger&quot;}\" data-widget_type=\"nav-menu.default\">\n\t\t\t\t<div class=\"elementor-widget-container\">\n\t\t\t\t\t\t\t\t<nav aria-label=\"Menu\" class=\"elementor-nav-menu--main elementor-nav-menu__container elementor-nav-menu--layout-horizontal e--pointer-text e--animation-none\">\n\t\t\t\t<ul id=\"menu-1-741b5e37\" class=\"elementor-nav-menu\"><li class=\"menu-item menu-item-type-post_type menu-item-object-page menu-item-home menu-item-712\"><a href=\"https:\/\/majortom.es\/es\/\" class=\"elementor-item\">Inicio<\/a><\/li>\n<li class=\"menu-item menu-item-type-post_type menu-item-object-page menu-item-384\"><a href=\"https:\/\/majortom.es\/es\/about\/\" class=\"elementor-item\">Qui\u00e9nes somos<\/a><\/li>\n<li class=\"menu-item menu-item-type-post_type menu-item-object-page menu-item-38\"><a href=\"https:\/\/majortom.es\/es\/our-services\/\" class=\"elementor-item\">Servicios<\/a><\/li>\n<li class=\"menu-item menu-item-type-post_type menu-item-object-page menu-item-4909\"><a href=\"https:\/\/majortom.es\/es\/how-we-do-it\/\" class=\"elementor-item\">C\u00f3mo lo hacemos<\/a><\/li>\n<li class=\"trp-language-switcher-container menu-item menu-item-type-post_type menu-item-object-language_switcher menu-item-has-children current-language-menu-item menu-item-5167\"><a href=\"https:\/\/majortom.es\/es\/wp-json\/wp\/v2\/pages\/5046\" class=\"elementor-item elementor-item-anchor\"><span data-no-translation><img decoding=\"async\" class=\"trp-flag-image\" src=\"https:\/\/majortom.es\/wp-content\/plugins\/translatepress-multilingual\/assets\/images\/flags\/es_ES.png\" width=\"18\" height=\"12\" alt=\"es_ES\" title=\"Espa\u00f1ol\"><\/span><\/a>\n<ul class=\"sub-menu elementor-nav-menu--dropdown\">\n\t<li class=\"trp-language-switcher-container menu-item menu-item-type-post_type menu-item-object-language_switcher current-language-menu-item menu-item-5165\"><a href=\"https:\/\/majortom.es\/es\/wp-json\/wp\/v2\/pages\/5046\" class=\"elementor-sub-item elementor-item-anchor\"><span data-no-translation><img decoding=\"async\" class=\"trp-flag-image\" src=\"https:\/\/majortom.es\/wp-content\/plugins\/translatepress-multilingual\/assets\/images\/flags\/fr_FR.png\" width=\"18\" height=\"12\" alt=\"fr_FR\" title=\"Fran\u00e7ais\"><\/span><\/a><\/li>\n\t<li class=\"trp-language-switcher-container menu-item menu-item-type-post_type menu-item-object-language_switcher current-language-menu-item menu-item-5164\"><a href=\"https:\/\/majortom.es\/es\/wp-json\/wp\/v2\/pages\/5046\" class=\"elementor-sub-item elementor-item-anchor\"><span data-no-translation><img loading=\"lazy\" decoding=\"async\" class=\"trp-flag-image\" src=\"https:\/\/majortom.es\/wp-content\/plugins\/translatepress-multilingual\/assets\/images\/flags\/en_US.png\" width=\"18\" height=\"12\" alt=\"en_US\" title=\"English\"><\/span><\/a><\/li>\n<\/ul>\n<\/li>\n<li class=\"menu-item menu-item-type-post_type menu-item-object-page menu-item-4210\"><a href=\"https:\/\/majortom.es\/es\/contact\/\" class=\"elementor-item\">Contacto<\/a><\/li>\n<\/ul>\t\t\t<\/nav>\n\t\t\t\t\t<div class=\"elementor-menu-toggle\" role=\"button\" tabindex=\"0\" aria-label=\"Menu Toggle\" aria-expanded=\"false\">\n\t\t\t<svg aria-hidden=\"true\" role=\"presentation\" class=\"elementor-menu-toggle__icon--open e-font-icon-svg e-eicon-menu-bar\" viewbox=\"0 0 1000 1000\" xmlns=\"http:\/\/www.w3.org\/2000\/svg\"><path d=\"M104 333H896C929 333 958 304 958 271S929 208 896 208H104C71 208 42 237 42 271S71 333 104 333ZM104 583H896C929 583 958 554 958 521S929 458 896 458H104C71 458 42 487 42 521S71 583 104 583ZM104 833H896C929 833 958 804 958 771S929 708 896 708H104C71 708 42 737 42 771S71 833 104 833Z\"><\/path><\/svg><svg aria-hidden=\"true\" role=\"presentation\" class=\"elementor-menu-toggle__icon--close e-font-icon-svg e-eicon-close\" viewbox=\"0 0 1000 1000\" xmlns=\"http:\/\/www.w3.org\/2000\/svg\"><path d=\"M742 167L500 408 258 167C246 154 233 150 217 150 196 150 179 158 167 167 154 179 150 196 150 212 150 229 154 242 171 254L408 500 167 742C138 771 138 800 167 829 196 858 225 858 254 829L496 587 738 829C750 842 767 846 783 846 800 846 817 842 829 829 842 817 846 804 846 783 846 767 842 750 829 737L588 500 833 258C863 229 863 200 833 171 804 137 775 137 742 167Z\"><\/path><\/svg>\t\t\t<span class=\"elementor-screen-only\">Menu<\/span>\n\t\t<\/div>\n\t\t\t\t\t<nav class=\"elementor-nav-menu--dropdown elementor-nav-menu__container\" aria-hidden=\"true\">\n\t\t\t\t<ul id=\"menu-2-741b5e37\" class=\"elementor-nav-menu\"><li class=\"menu-item menu-item-type-post_type menu-item-object-page menu-item-home menu-item-712\"><a href=\"https:\/\/majortom.es\/es\/\" class=\"elementor-item\" tabindex=\"-1\">Inicio<\/a><\/li>\n<li class=\"menu-item menu-item-type-post_type menu-item-object-page menu-item-384\"><a href=\"https:\/\/majortom.es\/es\/about\/\" class=\"elementor-item\" tabindex=\"-1\">Qui\u00e9nes somos<\/a><\/li>\n<li class=\"menu-item menu-item-type-post_type menu-item-object-page menu-item-38\"><a href=\"https:\/\/majortom.es\/es\/our-services\/\" class=\"elementor-item\" tabindex=\"-1\">Servicios<\/a><\/li>\n<li class=\"menu-item menu-item-type-post_type menu-item-object-page menu-item-4909\"><a href=\"https:\/\/majortom.es\/es\/how-we-do-it\/\" class=\"elementor-item\" tabindex=\"-1\">C\u00f3mo lo hacemos<\/a><\/li>\n<li class=\"trp-language-switcher-container menu-item menu-item-type-post_type menu-item-object-language_switcher menu-item-has-children current-language-menu-item menu-item-5167\"><a href=\"https:\/\/majortom.es\/es\/wp-json\/wp\/v2\/pages\/5046\" class=\"elementor-item elementor-item-anchor\" tabindex=\"-1\"><span data-no-translation><img decoding=\"async\" class=\"trp-flag-image\" src=\"https:\/\/majortom.es\/wp-content\/plugins\/translatepress-multilingual\/assets\/images\/flags\/es_ES.png\" width=\"18\" height=\"12\" alt=\"es_ES\" title=\"Espa\u00f1ol\"><\/span><\/a>\n<ul class=\"sub-menu elementor-nav-menu--dropdown\">\n\t<li class=\"trp-language-switcher-container menu-item menu-item-type-post_type menu-item-object-language_switcher current-language-menu-item menu-item-5165\"><a href=\"https:\/\/majortom.es\/es\/wp-json\/wp\/v2\/pages\/5046\" class=\"elementor-sub-item elementor-item-anchor\" tabindex=\"-1\"><span data-no-translation><img decoding=\"async\" class=\"trp-flag-image\" src=\"https:\/\/majortom.es\/wp-content\/plugins\/translatepress-multilingual\/assets\/images\/flags\/fr_FR.png\" width=\"18\" height=\"12\" alt=\"fr_FR\" title=\"Fran\u00e7ais\"><\/span><\/a><\/li>\n\t<li class=\"trp-language-switcher-container menu-item menu-item-type-post_type menu-item-object-language_switcher current-language-menu-item menu-item-5164\"><a href=\"https:\/\/majortom.es\/es\/wp-json\/wp\/v2\/pages\/5046\" class=\"elementor-sub-item elementor-item-anchor\" tabindex=\"-1\"><span data-no-translation><img loading=\"lazy\" decoding=\"async\" class=\"trp-flag-image\" src=\"https:\/\/majortom.es\/wp-content\/plugins\/translatepress-multilingual\/assets\/images\/flags\/en_US.png\" width=\"18\" height=\"12\" alt=\"en_US\" title=\"English\"><\/span><\/a><\/li>\n<\/ul>\n<\/li>\n<li class=\"menu-item menu-item-type-post_type menu-item-object-page menu-item-4210\"><a href=\"https:\/\/majortom.es\/es\/contact\/\" class=\"elementor-item\" tabindex=\"-1\">Contacto<\/a><\/li>\n<\/ul>\t\t\t<\/nav>\n\t\t\t\t\t\t<\/div>\n\t\t\t\t<\/div>\n\t\t\t\t<div class=\"elementor-element elementor-element-20e2e5 elementor-hidden-desktop elementor-view-default elementor-widget elementor-widget-icon\" data-id=\"20e2e5\" data-element_type=\"widget\" data-widget_type=\"icon.default\">\n\t\t\t\t<div class=\"elementor-widget-container\">\n\t\t\t\t\t\t\t<div class=\"elementor-icon-wrapper\">\n\t\t\t<a class=\"elementor-icon\" href=\"#elementor-action%3Aaction%3Dpopup%3Aopen%26settings%3DeyJpZCI6IjQ0NSIsInRvZ2dsZSI6ZmFsc2V9\">\n\t\t\t<svg aria-hidden=\"true\" class=\"e-font-icon-svg e-fas-align-justify\" viewbox=\"0 0 448 512\" xmlns=\"http:\/\/www.w3.org\/2000\/svg\"><path d=\"M432 416H16a16 16 0 0 0-16 16v32a16 16 0 0 0 16 16h416a16 16 0 0 0 16-16v-32a16 16 0 0 0-16-16zm0-128H16a16 16 0 0 0-16 16v32a16 16 0 0 0 16 16h416a16 16 0 0 0 16-16v-32a16 16 0 0 0-16-16zm0-128H16a16 16 0 0 0-16 16v32a16 16 0 0 0 16 16h416a16 16 0 0 0 16-16v-32a16 16 0 0 0-16-16zm0-128H16A16 16 0 0 0 0 48v32a16 16 0 0 0 16 16h416a16 16 0 0 0 16-16V48a16 16 0 0 0-16-16z\"><\/path><\/svg>\t\t\t<\/a>\n\t\t<\/div>\n\t\t\t\t\t\t<\/div>\n\t\t\t\t<\/div>\n\t\t\t\t<div class=\"elementor-element elementor-element-6911276f elementor-hidden-tablet elementor-hidden-mobile elementor-widget elementor-widget-button\" data-id=\"6911276f\" data-element_type=\"widget\" data-widget_type=\"button.default\">\n\t\t\t\t<div class=\"elementor-widget-container\">\n\t\t\t\t\t\t\t\t\t<div class=\"elementor-button-wrapper\">\n\t\t\t\t\t<a class=\"elementor-button elementor-button-link elementor-size-sm\" href=\"https:\/\/majortom.es\/es\/contact\/\">\n\t\t\t\t\t\t<span class=\"elementor-button-content-wrapper\">\n\t\t\t\t\t\t\t\t\t<span class=\"elementor-button-text\">Contacto<\/span>\n\t\t\t\t\t<\/span>\n\t\t\t\t\t<\/a>\n\t\t\t\t<\/div>\n\t\t\t\t\t\t\t\t<\/div>\n\t\t\t\t<\/div>\n\t\t\t\t<\/div>\n\t\t\t\t<\/div>\n\t\t\t\t<\/div>\n\t\t<div class=\"elementor-element elementor-element-515828ca e-flex e-con-boxed e-con e-parent\" data-id=\"515828ca\" data-element_type=\"container\" data-settings=\"{&quot;background_background&quot;:&quot;classic&quot;}\">\n\t\t\t\t\t<div class=\"e-con-inner\">\n\t\t\t\t<div class=\"elementor-element elementor-element-1d8378c8 elementor-widget elementor-widget-heading\" data-id=\"1d8378c8\" data-element_type=\"widget\" data-widget_type=\"heading.default\">\n\t\t\t\t<div class=\"elementor-widget-container\">\n\t\t\t\t\t<h1 class=\"elementor-heading-title elementor-size-default\">Pol\u00edtica de cookies<\/h1>\t\t\t\t<\/div>\n\t\t\t\t<\/div>\n\t\t\t\t<div class=\"elementor-element elementor-element-356463f0 elementor-widget elementor-widget-text-editor\" data-id=\"356463f0\" data-element_type=\"widget\" data-widget_type=\"text-editor.default\">\n\t\t\t\t<div class=\"elementor-widget-container\">\n\t\t\t\t\t\t\t\t\t<p>Conforme a lo dispuesto en el art\u00edculo 22.2 de la Ley 34\/2002, de 11 de julio, de Servicios de la Sociedad de la Informaci\u00f3n y de Comercio Electr\u00f3nico (LSSI-CE) vigente, MAJOR TOM SL debe cumplir con la obligaci\u00f3n de informar sobre las cookies que utiliza y sus finalidades.<br \/>Este sitio web utiliza cookies y\/o tecnolog\u00edas similares que almacenan y recuperan informaci\u00f3n cuando navegas. Las cookies permiten a una p\u00e1gina web, entre otras cosas, almacenar y recuperar informaci\u00f3n sobre los h\u00e1bitos de navegaci\u00f3n de un Usuario o de su equipo y, dependiendo de la informaci\u00f3n que contenga y de la forma en que utilice su equipo, pueden utilizarse para reconocer al Usuario.<br \/>Las cookies son esenciales para el funcionamiento de internet, aportando innumerables ventajas en la prestaci\u00f3n de servicios interactivos, facilit\u00e1ndole al Usuario la navegaci\u00f3n y usabilidad de nuestra web.<\/p><p>El usuario puede modificar la configuraci\u00f3n personalizada AQUI<\/p><p>La informaci\u00f3n que le proporcionamos a continuaci\u00f3n, le ayudar\u00e1 a comprender los diferentes tipos de cookies:<\/p><p>TIPOS DE COOKIES<\/p><p>SEG\u00daN LA ENTIDAD QUE LAS GESTIONE<\/p><p>COOKIES PROPIAS: Son aquellas que se env\u00edan al equipo terminal del usuario desde un equipo o dominio gestionado por el propio editor y desde el que se presta el servicio solicitado por el usuario<\/p><p>COOKIES DE TERCERO: Son aquellas que se env\u00edan al equipo terminal del usuario desde un equipo o dominio que no es gestionado por el editor, sino por otra entidad que trata los datos obtenidos a trav\u00e9s de las cookies.<\/p><p>SEG\u00daN EL PLAZO DE TIEMPO QUE PERMANEZCAN ACTIVADAS<\/p><p>COOKIES DE SESI\u00d3N: Son aquellas dise\u00f1adas para recabar y almacenar datos mientras el usuario accede a una p\u00e1gina web. Se suelen emplear para almacenar informaci\u00f3n que solo interesa conservar para la prestaci\u00f3n del servicio solicitado por el usuario en una sola ocasi\u00f3n (por ejemplo, una lista de productos adquiridos) y desaparecen al terminar la sesi\u00f3n<\/p><p>COOKIES PERSISTENTES: Son aquellas en las que los datos siguen almacenados en el terminal y pueden ser accedidos y tratados durante un periodo definido por el responsable de la cookie, y que puede ir de unos minutos a varios a\u00f1os.<\/p><p>SEG\u00daN SU FINALIDAD<\/p><p>COOKIES T\u00c9CNICAS: Son aquellas que permiten al usuario la navegaci\u00f3n a trav\u00e9s de una p\u00e1gina web, plataforma o aplicaci\u00f3n y la utilizaci\u00f3n de las diferentes opciones o servicios que en ella existan<\/p><p>COOKIES DE PERSONALIZACI\u00d3N: Permiten aplicar caracter\u00edsticas propias para la navegaci\u00f3n del usuario por el website (Ej. idioma).<\/p><p>COOKIES DE AN\u00c1LISIS: Son aquellas que permiten al responsable de las mismas el seguimiento y an\u00e1lisis del comportamiento de los usuarios de los sitios web a los que est\u00e1n vinculadas, incluida la cuantificaci\u00f3n de los impactos de los anuncios. La informaci\u00f3n recogida mediante este tipo de cookies se utiliza en la medici\u00f3n de la actividad de los sitios web, aplicaci\u00f3n o plataforma, con el fin de introducir mejoras en funci\u00f3n del an\u00e1lisis de los datos de uso que hacen los usuarios del servicio.<\/p><p>COOKIES PUBLICITARIAS: Permiten al editor incluir en la p\u00e1gina web espacios publicitarios, seg\u00fan el contenido de la propia web.<\/p><p>COOKIES DE PUBLICIDAD COMPORTAMENTAL: Son aquellas que almacenan informaci\u00f3n del comportamiento de los usuarios obtenida a trav\u00e9s de la observaci\u00f3n continuada de sus h\u00e1bitos de navegaci\u00f3n, lo que permite desarrollar un perfil espec\u00edfico para mostrar publicidad en funci\u00f3n del mismo.<\/p><p>Adicionalmente, MAJOR TOM SL informa de manera m\u00e1s detallada de las cookies que utiliza sus titulares, el uso o finalidad concreta, los plazos de conservaci\u00f3n as\u00ed como de las Transferencias Internacionales de datos de cada una de ellas utilizadas en nuestra p\u00e1gina web:<\/p><p>COOKIES PROPIAS<\/p><table width=\"877\"><tbody><tr><td width=\"102\">\u00a0<\/td><td width=\"80\">TITULAR<\/td><td width=\"183\">COOKIE<\/td><td width=\"352\">FINALIDAD<\/td><td width=\"80\">CONSERVACI\u00d3N<\/td><td width=\"80\">TI<\/td><\/tr><tr><td>T\u00e9cnicas<\/td><td>e-lixir.es<\/td><td>__cfduid<\/td><td width=\"352\">Utilizada por la red de contenido, Cloudflare, para identificar tr\u00e1fico web de confianza<\/td><td>29 d\u00edas<\/td><td width=\"80\">v<\/td><\/tr><tr><td>An\u00e1lisis<\/td><td>e-lixir.es<\/td><td>ga<\/td><td width=\"352\">Registra una identificaci\u00f3n \u00fanica que se utiliza para generar datos estad\u00edsticos acerca de c\u00f3mo utiliza el visitante el sitio web<\/td><td>2 a\u00f1os<\/td><td width=\"80\">v<\/td><\/tr><tr><td>An\u00e1lisis<\/td><td>e-lixir.es<\/td><td>_gat<\/td><td width=\"352\">Utilizado por Google Analytics para controlar la tasa de peticiones<\/td><td>1 d\u00eda<\/td><td width=\"80\">v<\/td><\/tr><tr><td>An\u00e1lisis<\/td><td>e-lixir.es<\/td><td>_gid<\/td><td width=\"352\">Registra una identificaci\u00f3n \u00fanica que se utiliza para generar datos estad\u00edsticos acerca de c\u00f3mo utiliza el visitante el sitio web.<\/td><td>2 d\u00eda<\/td><td width=\"80\">v<\/td><\/tr><tr><td>An\u00e1lisis<\/td><td>e-lixir.es<\/td><td>pll_language<\/td><td width=\"352\">Esta cookie se utiliza para determinar el idioma preferido del visitante y configura el idioma correspondientemente en el sitio web, si es posible.<\/td><td>1 a\u00f1o<\/td><td width=\"80\">v<\/td><\/tr><tr><td>An\u00e1lisis<\/td><td>e-lixir.es<\/td><td>TawkConnectionTime<\/td><td width=\"352\">Permite a la web reconocer al visitante con el objeto de optimizar la funci\u00f3n de chat.<\/td><td>Sesi\u00f3n<\/td><td width=\"80\">v<\/td><\/tr><\/tbody><\/table><p>\u00a0<\/p><p>COOKIES DE TERCEROS<\/p><table width=\"877\"><tbody><tr><td width=\"102\">\u00a0<\/td><td width=\"80\">TITULAR<\/td><td width=\"183\">COOKIE<\/td><td width=\"352\">FINALIDAD<\/td><td width=\"80\">CONSERVACI\u00d3N<\/td><td width=\"80\">TI<\/td><\/tr><tr><td>T\u00e9cnicas<\/td><td><a href=\"https:\/\/policies.google.com\/technologies\/cookies?hl=es#types-of-cookies\">google.com<\/a><\/td><td>rc::a<\/td><td width=\"352\">Esta cookie se utiliza para distinguir entre humanos y bots. Esto es beneficioso para la web con el objeto de elaborar informes v\u00e1lidos sobre el uso de la web.<\/td><td>Persistente<\/td><td width=\"80\">v<\/td><\/tr><tr><td>T\u00e9cnicas<\/td><td><a href=\"https:\/\/policies.google.com\/technologies\/cookies?hl=es#types-of-cookies\">google.com<\/a><\/td><td>rc::b<\/td><td width=\"352\">Esta cookie se utiliza para distinguir entre humanos y bots.<\/td><td>Sesi\u00f3n<\/td><td width=\"80\">v<\/td><\/tr><tr><td>T\u00e9cnicas<\/td><td><a href=\"https:\/\/policies.google.com\/technologies\/cookies?hl=es#types-of-cookies\">google.com<\/a><\/td><td>rc::c<\/td><td width=\"352\">Esta cookie se utiliza para distinguir entre humanos y bots.<\/td><td>Sesi\u00f3n<\/td><td width=\"80\">v<\/td><\/tr><tr><td>Personalizaci\u00f3n<\/td><td><a href=\"https:\/\/www.tawk.to\/privacy-policy\/?__cf_chl_jschl_tk__=962ce5744f7fad6de8cc9aeb9c2f82ba664ba6f3-1611230057-0-ATInkrIOpkZU_ZJXYhOiQbZOcDlaFBx03ZFWgP8s0nfuNdM3DuVkPpguppcfdI9aSH0Vgfc1EX7hCXnpviNsTemZQykDER5hk0TXln26smlL1m-JatewAThR6J272CuaXdU26cVAtRukS2gu36oXDDfgy6HFMwUBSuxMU8GV_9KGvIubnu_lh_3RNQdm92FrUg9dRiGj7QgFwXWVlxoqoccQcHlJDPU5c-ufWFa32Wo7ruFvcLFdbQOdoM9yjjRwxbO1BIpOq36UFDkCJ3rOtI8-UMMuNAJKfNLFHM2LjPulKJC20F8SfG7a8vzjo8OBB9FP4CmHUT2xlICpzz8CyVo\">va.tawk.to<\/a><\/td><td>ss<\/td><td>Necesaria para la funcionabilidad del chat en la web.<\/td><td>Sesi\u00f3n<\/td><td rowspan=\"2\" width=\"80\">v\u00a0<p>\u00a0<\/p><p>\u00a0<\/p><p>v<\/p><\/td><\/tr><tr><td>Publicidad\/ Publicidad comportamental<\/td><td><a href=\"https:\/\/policies.google.com\/technologies\/cookies?hl=es#types-of-cookies\">google.com<\/a><\/td><td>NID<\/td><td width=\"352\">Registra una identificaci\u00f3n \u00fanica que identifica el dispositivo de un usuario que vuelve. La identificaci\u00f3n se utiliza para los anuncios espec\u00edficos<\/td><td>6 meses<\/td><\/tr><\/tbody><\/table><p>** Puede informarse de las transferencias internacionales a terceros pa\u00edses que, en su caso, realizan los TERCEROS identificados en esta pol\u00edtica de cookies en sus correspondientes pol\u00edticas (hacer click encima del titular de la cookie)<\/p><p>Empresa informa de manera m\u00e1s exhaustiva la informaci\u00f3n relativa a las transferencias internacionales derivadas de la utilizaci\u00f3n de cookies propias<\/p><p>T\u00e9ngase en cuenta que, si acepta las cookies de terceros, deber\u00e1 eliminarlas desde las opciones del navegador o desde el sistema ofrecido por el propio tercero.<br \/>A continuaci\u00f3n le proporcionamos los enlaces de diversos navegadores, a trav\u00e9s de los cuales podr\u00e1 modificar la configuraci\u00f3n de su navegador sobre el uso de cookies:<br \/>?Firefox desde aqu\u00ed:<a href=\"https:\/\/support.mozilla.org\/es\/kb\/habilitar-y-deshabilitar-cookies-que-los-sitios-we\">\u00a0http:\/\/support.mozilla.org\/es\/kb\/habilitar-y-deshabilitar-cookies-que-los-sitios-we<\/a><br \/>?Chrome desde aqu\u00ed: http:\/\/support.google.com\/chrome\/bin\/answer.py?hl=es&amp;answer=95647<br \/>?Explorerdes de aqu\u00ed: http:\/\/windows.microsoft.com\/es-es\/internet-explorer\/delete-manage-cookies#ie=ie-10<br \/>?Safari desde aqu\u00ed: https:\/\/support.apple.com\/kb\/ph17191?locale=es_ES<br \/>?Opera desde aqu\u00ed: https:\/\/help.opera.com\/en\/latest\/web-preferences\/#cookies<br \/>Para conocer m\u00e1s informaci\u00f3n sobre el tratamiento de datos personales, le recomendamos visitar nuestro apartado \u201cPol\u00edtica de Privacidad\u201d.<\/p><p>\u00daLTIMA ACTUALIZACI\u00d3N: 19 de enero de 2025<\/p>\t\t\t\t\t\t\t\t<\/div>\n\t\t\t\t<\/div>\n\t\t\t\t\t<\/div>\n\t\t\t\t<\/div>\n\t\t\t\t<\/div>","protected":false},"excerpt":{"rendered":"<p>Contact Pol\u00edtica de cookies Conforme a lo dispuesto en el art\u00edculo 22.2 de la Ley 34\/2002, de 11 de julio, de Servicios de la Sociedad de la Informaci\u00f3n y de Comercio Electr\u00f3nico (LSSI-CE) vigente, MAJOR TOM SL debe cumplir con la obligaci\u00f3n de informar sobre las cookies que utiliza y sus finalidades.Este sitio web utiliza [&hellip;]<\/p>\n","protected":false},"author":1,"featured_media":0,"parent":0,"menu_order":0,"comment_status":"closed","ping_status":"closed","template":"","meta":{"footnotes":""},"class_list":["post-5046","page","type-page","status-publish","hentry"],"_links":{"self":[{"href":"https:\/\/majortom.es\/es\/wp-json\/wp\/v2\/pages\/5046","targetHints":{"allow":["GET"]}}],"collection":[{"href":"https:\/\/majortom.es\/es\/wp-json\/wp\/v2\/pages"}],"about":[{"href":"https:\/\/majortom.es\/es\/wp-json\/wp\/v2\/types\/page"}],"author":[{"embeddable":true,"href":"https:\/\/majortom.es\/es\/wp-json\/wp\/v2\/users\/1"}],"replies":[{"embeddable":true,"href":"https:\/\/majortom.es\/es\/wp-json\/wp\/v2\/comments?post=5046"}],"version-history":[{"count":5,"href":"https:\/\/majortom.es\/es\/wp-json\/wp\/v2\/pages\/5046\/revisions"}],"predecessor-version":[{"id":5066,"href":"https:\/\/majortom.es\/es\/wp-json\/wp\/v2\/pages\/5046\/revisions\/5066"}],"wp:attachment":[{"href":"https:\/\/majortom.es\/es\/wp-json\/wp\/v2\/media?parent=5046"}],"curies":[{"name":"wp","href":"https:\/\/api.w.org\/{rel}","templated":true}]}}